{"id":113,"date":"2024-12-25T21:01:53","date_gmt":"2024-12-25T20:01:53","guid":{"rendered":"https:\/\/staging.alenj.net\/?page_id=113"},"modified":"2024-12-25T21:20:24","modified_gmt":"2024-12-25T20:20:24","slug":"saznaj-vise","status":"publish","type":"page","link":"https:\/\/staging.alenj.net\/index.php\/saznaj-vise\/","title":{"rendered":"Ako.."},"content":{"rendered":"\n<div class=\"wp-block-group is-layout-constrained wp-block-group-is-layout-constrained\">\n<pre class=\"wp-block-preformatted\">- do\u017eivljavate intenzivne strahove, tjeskobu i pani\u010dne napade<br>- izbjegavate ljude i te\u0161ko se snalazite u dru\u0161tvu<br>- imate problema u partnerskom odnosu<br>- skloni ste impulzivnim, naglim i pretjeranim reakcijama<br>- ne znate re\u0107i \u201ene\u201d<br>- te\u0161ko se snalazite u roditeljskoj ulozi<br>- usamljeni ste<br>- osje\u0107ate intenzivnu tugu i nemate energije za svakodnevno funkcioniranje<br>- trenutno pro\u017eivljavate intenzivna stresna ili traumatska iskustva (razvod, gubitak bliske osobe, gubitak posla, dijagnoza ozbiljne bolesti...)<br>- optere\u0107eni ste vlastitim tjelesnim izgledom<br>- imate opsesivne misli i pona\u0161anja koja vam ometaju svakodnevicu<br>- te\u0161ko se nosite s vlastitom pro\u0161lo\u0161\u0107u<br>- te\u0161ko donosite odluke, stalno odga\u0111ate stvari<br>-  mislite da su svi drugi bolji od vas, stalno se podcjenjujete i uspore\u0111ujete s drugima<br>- te\u0161ko se nosite sa zahtjevima posla koji radite<br>- \u017eelite raditi na sebi, brinuti o vlastitoj mentalnoj higijeni, doprinijeti vlastitom psiholo\u0161kom rastu i razvoju...<br><\/pre>\n<\/div>\n\n\n\n<p><a href=\"https:\/\/staging.alenj.net\/index.php\/contact-us\/\" data-type=\"page\" data-id=\"16\">JAVITE SE I DOGOVORITE TERMIN<\/a><\/p>\n\n\n\n<p><\/p>\n","protected":false},"excerpt":{"rendered":"<p>&#8211; do\u017eivljavate intenzivne strahove, tjeskobu i pani\u010dne napade- izbjegavate ljude i te\u0161ko se snalazite u dru\u0161tvu- imate problema u partnerskom odnosu- skloni ste impulzivnim, naglim i pretjeranim reakcijama- ne znate re\u0107i \u201ene\u201d- te\u0161ko se snalazite u roditeljskoj ulozi- usamljeni ste- osje\u0107ate intenzivnu tugu i nemate energije za svakodnevno funkcioniranje- trenutno pro\u017eivljavate intenzivna stresna ili traumatska [&hellip;]<\/p>\n","protected":false},"author":1,"featured_media":0,"parent":0,"menu_order":0,"comment_status":"closed","ping_status":"closed","template":"","meta":{"_uag_custom_page_level_css":"","footnotes":""},"class_list":["post-113","page","type-page","status-publish","hentry"],"uagb_featured_image_src":{"full":false,"thumbnail":false,"medium":false,"medium_large":false,"large":false,"gs-tiny":false,"xl":false,"xxl":false,"xxxl":false,"xxxxl":false,"xxxxxl":false,"1536x1536":false,"2048x2048":false},"uagb_author_info":{"display_name":"admin","author_link":"https:\/\/staging.alenj.net\/index.php\/author\/admin_2g2wit2w\/"},"uagb_comment_info":0,"uagb_excerpt":"- do\u017eivljavate intenzivne strahove, tjeskobu i pani\u010dne napade- izbjegavate ljude i te\u0161ko se snalazite u dru\u0161tvu- imate problema u partnerskom odnosu- skloni ste impulzivnim, naglim i pretjeranim reakcijama- ne znate re\u0107i \u201ene\u201d- te\u0161ko se snalazite u roditeljskoj ulozi- usamljeni ste- osje\u0107ate intenzivnu tugu i nemate energije za svakodnevno funkcioniranje- trenutno pro\u017eivljavate intenzivna stresna ili traumatska&hellip;","_links":{"self":[{"href":"https:\/\/staging.alenj.net\/index.php\/wp-json\/wp\/v2\/pages\/113","targetHints":{"allow":["GET"]}}],"collection":[{"href":"https:\/\/staging.alenj.net\/index.php\/wp-json\/wp\/v2\/pages"}],"about":[{"href":"https:\/\/staging.alenj.net\/index.php\/wp-json\/wp\/v2\/types\/page"}],"author":[{"embeddable":true,"href":"https:\/\/staging.alenj.net\/index.php\/wp-json\/wp\/v2\/users\/1"}],"replies":[{"embeddable":true,"href":"https:\/\/staging.alenj.net\/index.php\/wp-json\/wp\/v2\/comments?post=113"}],"version-history":[{"count":5,"href":"https:\/\/staging.alenj.net\/index.php\/wp-json\/wp\/v2\/pages\/113\/revisions"}],"predecessor-version":[{"id":121,"href":"https:\/\/staging.alenj.net\/index.php\/wp-json\/wp\/v2\/pages\/113\/revisions\/121"}],"wp:attachment":[{"href":"https:\/\/staging.alenj.net\/index.php\/wp-json\/wp\/v2\/media?parent=113"}],"curies":[{"name":"wp","href":"https:\/\/api.w.org\/{rel}","templated":true}]}}