{"id":12,"date":"2024-12-25T10:51:35","date_gmt":"2024-12-25T10:51:35","guid":{"rendered":"https:\/\/staging.alenj.net\/index.php\/about-us\/"},"modified":"2024-12-25T15:29:05","modified_gmt":"2024-12-25T15:29:05","slug":"o-meni","status":"publish","type":"page","link":"https:\/\/staging.alenj.net\/index.php\/o-meni\/","title":{"rendered":"O meni"},"content":{"rendered":"\n<p>Ja sam Marta Cifrek-Kolari\u0107. psihologinja, supervizorica i psihoterapuetkinja, ali i k\u0107erka, sestra, prijateljica, supruga i majka. Ro\u0111ena sam u Zadru gdje sam 2008. godine zavr\u0161ila studij psihologije, a potom sam 2011. upisala studij iz ge\u0161talt psihoterapije u Zagrebu (IGW Zagreb) kod Zore Suboti\u0107 i Ulricha Schurmanna te sam formalnu edukaciju zavr\u0161ila 2015. godine. <br><br>Poznata sam po tome da mi znanja nikad nije dovoljno, pa sam 2018. godine upisala specijalisti\u010dki studij iz Supervizije psihosocijalnog rada pri Studijskom centru za socijalni rad na Pravnom fakultetu Sveu\u010dili\u0161ta u Zagrebu gdje sam stekla diplomu sveuili\u0161ne specijalizantice supervizije psihosocijalnog rada, a 2023. godine upisala sam i doktorski studij iz Socijalnog rada i socijalne politike koji jo\u0161 uvijek poha\u0111am. <br><br>Autorica sam nekoliko znanstvenih radova i koautorica znanstvene monografije pod nazivom <em>Istra\u017eivanja u razvojnoj psihopatologiji<\/em>. Svoje radno i profesionalno iskustvo brusila sam ponajvi\u0161e u znanstvenom, edukativnom i savjetodavnom radu s ljudima, pa sam tako radila u Studentskom savjetovali\u0161tu Sveu\u010dili\u0161ta u Zadru, kao asistentica na Odjelu za psihologiju i nastavnica na Odjelu za zdravstvene studije Sveu\u010dili\u0161ta u Zadru, kao nastavnica psihologije u Gimnaziji Gospi\u0107 i Srednjoj \u0161koli Biograd na Moru, a od 2014. godine radim kao savjetnica za tretman u Zatvoru u Zadru. 2023. godine pokrenula sam i vlastiti obrt u kojem se za sada ponajvi\u0161e bavim psihoterapijom, ali u planu su i usluge psihoterapijskih grupnih radionica te statisti\u010dke obrade podataka.<\/p>\n\n\n\n<p>Slobodno vrijeme provodim u dru\u0161tvu obitelji i prijatelja. Poznata sam po tome da volim ispijati kavu u ti\u0161ini, ali i da volim dru\u0161tvo i dobru zabavu, volim upoznavati nova mjesta i putovati, ali oni koji me poznaju dobro su upoznati i da nisam avanturisti\u010dkog duha i volim \u201eigrati na sigurno\u201d, u\u017eivam gledati svoju djecu kako odrastaju i zahvalna sam na svakoj sekundi, minuti, satu, danu, mjesecu i godini koje dodam u svoje \u017eivotno iskustvo.<\/p>\n\n\n\n<p><\/p>\n","protected":false},"excerpt":{"rendered":"<p>Ja sam Marta Cifrek-Kolari\u0107. psihologinja, supervizorica i psihoterapuetkinja, ali i k\u0107erka, sestra, prijateljica, supruga i majka. Ro\u0111ena sam u Zadru gdje sam 2008. godine zavr\u0161ila studij psihologije, a potom sam 2011. upisala studij iz ge\u0161talt psihoterapije u Zagrebu (IGW Zagreb) kod Zore Suboti\u0107 i Ulricha Schurmanna te sam formalnu edukaciju zavr\u0161ila 2015. godine. Poznata sam [&hellip;]<\/p>\n","protected":false},"author":1,"featured_media":0,"parent":0,"menu_order":0,"comment_status":"closed","ping_status":"closed","template":"","meta":{"_uag_custom_page_level_css":"","footnotes":""},"class_list":["post-12","page","type-page","status-publish","hentry"],"uagb_featured_image_src":{"full":false,"thumbnail":false,"medium":false,"medium_large":false,"large":false,"gs-tiny":false,"xl":false,"xxl":false,"xxxl":false,"xxxxl":false,"xxxxxl":false,"1536x1536":false,"2048x2048":false},"uagb_author_info":{"display_name":"admin","author_link":"https:\/\/staging.alenj.net\/index.php\/author\/admin_2g2wit2w\/"},"uagb_comment_info":0,"uagb_excerpt":"Ja sam Marta Cifrek-Kolari\u0107. psihologinja, supervizorica i psihoterapuetkinja, ali i k\u0107erka, sestra, prijateljica, supruga i majka. Ro\u0111ena sam u Zadru gdje sam 2008. godine zavr\u0161ila studij psihologije, a potom sam 2011. upisala studij iz ge\u0161talt psihoterapije u Zagrebu (IGW Zagreb) kod Zore Suboti\u0107 i Ulricha Schurmanna te sam formalnu edukaciju zavr\u0161ila 2015. godine. Poznata sam&hellip;","_links":{"self":[{"href":"https:\/\/staging.alenj.net\/index.php\/wp-json\/wp\/v2\/pages\/12","targetHints":{"allow":["GET"]}}],"collection":[{"href":"https:\/\/staging.alenj.net\/index.php\/wp-json\/wp\/v2\/pages"}],"about":[{"href":"https:\/\/staging.alenj.net\/index.php\/wp-json\/wp\/v2\/types\/page"}],"author":[{"embeddable":true,"href":"https:\/\/staging.alenj.net\/index.php\/wp-json\/wp\/v2\/users\/1"}],"replies":[{"embeddable":true,"href":"https:\/\/staging.alenj.net\/index.php\/wp-json\/wp\/v2\/comments?post=12"}],"version-history":[{"count":3,"href":"https:\/\/staging.alenj.net\/index.php\/wp-json\/wp\/v2\/pages\/12\/revisions"}],"predecessor-version":[{"id":90,"href":"https:\/\/staging.alenj.net\/index.php\/wp-json\/wp\/v2\/pages\/12\/revisions\/90"}],"wp:attachment":[{"href":"https:\/\/staging.alenj.net\/index.php\/wp-json\/wp\/v2\/media?parent=12"}],"curies":[{"name":"wp","href":"https:\/\/api.w.org\/{rel}","templated":true}]}}