{"id":93,"date":"2024-12-25T15:36:08","date_gmt":"2024-12-25T15:36:08","guid":{"rendered":"https:\/\/staging.alenj.net\/?page_id=93"},"modified":"2024-12-25T15:36:09","modified_gmt":"2024-12-25T15:36:09","slug":"o-psihoterapiji","status":"publish","type":"page","link":"https:\/\/staging.alenj.net\/index.php\/o-psihoterapiji\/","title":{"rendered":"O psihoterapiji"},"content":{"rendered":"\n<p>Pojam psihoterapija pokriva \u0161iroki spektar pristupa i metoda koje uklju\u010duju psihoterapijski tretman (za dijapazon psihi\u010dkih i emocionalnih pote\u0161ko\u0107a i poreme\u0107aja te pote\u0161ko\u0107a i poreme\u0107aja u odnosima, a svaki pristup temeljen je na utvr\u0111enim teorijama, metodologijama i istra\u017eivanjima, ukorijenjenima u filozofiji li\u010dnosti i ljudskog stanja (prema Savezu psihoterapijskih udruga Hrvatske, vi\u0161e mo\u017eete pro\u010ditati na <a href=\"https:\/\/www.savez-spuh.hr\/sto-je-psihoterapija\/\"><em><strong>https:\/\/www.savez-spuh.hr\/sto-je-psihoterapija\/<\/strong><\/em><\/a> ).<\/p>\n\n\n\n<p>Psihoterapija <strong>zapo\u010dinje uvodnim ili inicijalnim razgovorom na kojem nastojim dobiti \u0161to detaljnije informacije o vama i razlozima zbog kojih se javljate na psihoterapiju, a to je prilika i za vas da me pitate sve \u0161to vas zanima o meni i usluzi psihoterapije koju nudim<\/strong><strong>.<\/strong><\/p>\n\n\n\n<p>Susreti s klijentom naj\u010de\u0161\u0107e se odvijaju jednom tjednom te traju 60 minuta, ali ovisno o potrebama i mogu\u0107nostima mogu biti i rje\u0111i ili \u010de\u0161\u0107i.<\/p>\n\n\n\n<p>Kao \u0161to je napisano na po\u010detku u psihoterapiji postoje razli\u010diti pristupi i metode, a psihoterapijski pristup za koji sam se ja educirala i s kojim se bavim je ge\u0161talt psihoterapija. Gestalt psihoterapija osnovana je 50-ih godina 20, stolje\u0107a u kao <em>fenomenolo\u0161ki <\/em>(polazi od onog \u0161to je o\u010dito), <em>egzistencijalisti\u010dki<\/em> (bavi se \u010dovjekom u svim tjelesnim i psihi\u010dkim aspektima ovdje i sada i uzima u obzir kontekst ili okolinu u kojoj \u017eivi) i <em>humanisti\u010dki<\/em> psihoterapijski pravac (promatra \u010dovjeka kao odgovorno bi\u0107e koje je usmjereno na socijalne susrete i odnose, te koje ostvaruje svoje potencijale kroz cjelo\u017eivotni rast i proces integracije svojih iskustava).<\/p>\n\n\n\n<p>U sredi\u0161tu terapijskog procesa je odnos terapeuta i klijenta pri \u010demu je naglasak na direktnom iskustvu i eksperimentiranju u sada\u0161njem trenutku s ciljem razumijevanja i prihva\u0107anja vlastitog iskustva i obrazaca pona\u0161anja. Psihoterapeut nema \u201e\u010darobni \u0161tapi\u0107\u201c ni \u201e\u010dudotvorni recept\u201c koji \u0107e va\u0161 \u017eivot trenutno u\u010diniti boljim i funkcionalnijim te je psihoterapija proces koji zahtijeva vrijeme za prihva\u0107anje i integraciju vlastitih iskustava, ali ono \u0161to psihoterapija zasigurno nudi je prihva\u0107anje, slu\u0161anje, razumijevanje i odnos\/kontakt bez kritiziranja, o\u010dekivanja, osu\u0111ivanja, moraliziranja i \u201emoranja\u201c.<\/p>\n","protected":false},"excerpt":{"rendered":"<p>Pojam psihoterapija pokriva \u0161iroki spektar pristupa i metoda koje uklju\u010duju psihoterapijski tretman (za dijapazon psihi\u010dkih i emocionalnih pote\u0161ko\u0107a i poreme\u0107aja te pote\u0161ko\u0107a i poreme\u0107aja u odnosima, a svaki pristup temeljen je na utvr\u0111enim teorijama, metodologijama i istra\u017eivanjima, ukorijenjenima u filozofiji li\u010dnosti i ljudskog stanja (prema Savezu psihoterapijskih udruga Hrvatske, vi\u0161e mo\u017eete pro\u010ditati na https:\/\/www.savez-spuh.hr\/sto-je-psihoterapija\/ ). [&hellip;]<\/p>\n","protected":false},"author":1,"featured_media":0,"parent":0,"menu_order":0,"comment_status":"closed","ping_status":"closed","template":"","meta":{"_uag_custom_page_level_css":"","footnotes":""},"class_list":["post-93","page","type-page","status-publish","hentry"],"uagb_featured_image_src":{"full":false,"thumbnail":false,"medium":false,"medium_large":false,"large":false,"gs-tiny":false,"xl":false,"xxl":false,"xxxl":false,"xxxxl":false,"xxxxxl":false,"1536x1536":false,"2048x2048":false},"uagb_author_info":{"display_name":"admin","author_link":"https:\/\/staging.alenj.net\/index.php\/author\/admin_2g2wit2w\/"},"uagb_comment_info":0,"uagb_excerpt":"Pojam psihoterapija pokriva \u0161iroki spektar pristupa i metoda koje uklju\u010duju psihoterapijski tretman (za dijapazon psihi\u010dkih i emocionalnih pote\u0161ko\u0107a i poreme\u0107aja te pote\u0161ko\u0107a i poreme\u0107aja u odnosima, a svaki pristup temeljen je na utvr\u0111enim teorijama, metodologijama i istra\u017eivanjima, ukorijenjenima u filozofiji li\u010dnosti i ljudskog stanja (prema Savezu psihoterapijskih udruga Hrvatske, vi\u0161e mo\u017eete pro\u010ditati na https:\/\/www.savez-spuh.hr\/sto-je-psihoterapija\/ ).&hellip;","_links":{"self":[{"href":"https:\/\/staging.alenj.net\/index.php\/wp-json\/wp\/v2\/pages\/93","targetHints":{"allow":["GET"]}}],"collection":[{"href":"https:\/\/staging.alenj.net\/index.php\/wp-json\/wp\/v2\/pages"}],"about":[{"href":"https:\/\/staging.alenj.net\/index.php\/wp-json\/wp\/v2\/types\/page"}],"author":[{"embeddable":true,"href":"https:\/\/staging.alenj.net\/index.php\/wp-json\/wp\/v2\/users\/1"}],"replies":[{"embeddable":true,"href":"https:\/\/staging.alenj.net\/index.php\/wp-json\/wp\/v2\/comments?post=93"}],"version-history":[{"count":1,"href":"https:\/\/staging.alenj.net\/index.php\/wp-json\/wp\/v2\/pages\/93\/revisions"}],"predecessor-version":[{"id":94,"href":"https:\/\/staging.alenj.net\/index.php\/wp-json\/wp\/v2\/pages\/93\/revisions\/94"}],"wp:attachment":[{"href":"https:\/\/staging.alenj.net\/index.php\/wp-json\/wp\/v2\/media?parent=93"}],"curies":[{"name":"wp","href":"https:\/\/api.w.org\/{rel}","templated":true}]}}